{"id":317,"date":"2026-05-13T15:34:03","date_gmt":"2026-05-13T15:34:03","guid":{"rendered":"https:\/\/e01.danielaalder.ch\/index.php\/home-copy\/"},"modified":"2026-05-13T16:23:45","modified_gmt":"2026-05-13T16:23:45","slug":"angebot","status":"publish","type":"page","link":"https:\/\/e01.danielaalder.ch\/index.php\/angebot\/","title":{"rendered":"Angebot"},"content":{"rendered":"<!--themify_builder_content-->\n<div id=\"themify_builder_content-317\" data-postid=\"317\" class=\"themify_builder_content themify_builder_content-317 themify_builder tf_clear\">\n                    <div  data-css_id=\"tp4t555\" data-lazy=\"1\" class=\"module_row themify_builder_row fullwidth_row_container tb_tp4t555 tb_first tf_w\">\n                        <div class=\"row_inner col_align_top tb_col_count_1 tf_box tf_rel\">\n                        <div  data-lazy=\"1\" class=\"module_column tb-column col-full tb_s34s030 first\">\n                            <div  data-lazy=\"1\" class=\"module_subrow themify_builder_sub_row tf_w col_align_top tb_col_count_1 tb_px40633\">\n                <div  data-lazy=\"1\" class=\"module_column sub_column col-full tb_r4d2055 first\">\n                    <!-- module image -->\n<div  class=\"module module-image tb_s1du610 image-top   tf_mw\" data-lazy=\"1\" data-parallax-element-speed=\"1\" data-lax-translate-y=\"vh 1,0 -70\" data-lax=\"true\">\n        <div class=\"image-wrap tf_rel tf_mw\">\n            <img decoding=\"async\" src=\"\/wp-content\/uploads\/2026\/05\/Chester-1600.jpg\" title=\"Angebot\" alt=\"Angebot\">    \n        <\/div>\n    <!-- \/image-wrap -->\n    \n        <\/div>\n<!-- \/module image --><!-- module text -->\n<div  class=\"module module-text tb_0zzu446   \" data-lazy=\"1\">\n        <div  class=\"tb_text_wrap\">\n        <h1>Hundegest\u00fctzte Begleitung<\/h1>\n    <\/div>\n<\/div>\n<!-- \/module text --><!-- module text -->\n<div  class=\"module module-text tb_u03d138   \" data-lazy=\"1\">\n        <div  class=\"tb_text_wrap\">\n        <p>Bei Bedarf wird meine Arbeit durch meinen Hund Chester erg\u00e4nzt.<br>Der Kontakt zu einem Tier kann besonders f\u00fcr Kinder und Jugendliche mit ADHS unterst\u00fctzend wirken:<br>Er f\u00f6rdert die Selbstregulation, macht Impulse im Moment erlebbar und besser steuerbar und unterst\u00fctzt die Aufmerksamkeit sowie das gemeinsame Fokussieren auf eine Aufgabe. Gleichzeitig entsteht oft eine ruhige, wertsch\u00e4tzende Atmosph\u00e4re, die Sicherheit vermittelt und den Zugang zu eigenen Gef\u00fchlen erleichtert.<\/p>\n<p>Viele Kinder erleben durch den Kontakt mit dem Hund:<\/p>\n<ul>\n<li>mehr Ruhe und Entspannung<\/li>\n<li>ein Gef\u00fchl von Sicherheit und Angenommensein<\/li>\n<li>St\u00e4rkung des Selbstwerts<\/li>\n<li>einen leichteren Zugang zu ihren Gef\u00fchlen<\/li>\n<\/ul>\n<p>Der Einsatz erfolgt stets individuell und nach Bedarf. Die tiergest\u00fctzte Begleitung wird gezielt an die jeweilige Situation, die Ziele und die Bed\u00fcrfnisse des Kindes oder Jugendlichen angepasst.<\/p>    <\/div>\n<\/div>\n<!-- \/module text -->        <\/div>\n                    <\/div>\n                <\/div>\n                        <\/div>\n        <\/div>\n        <\/div>\n<!--\/themify_builder_content-->","protected":false},"excerpt":{"rendered":"<p>Hundegest\u00fctzte Begleitung<\/p>\n","protected":false},"author":1,"featured_media":0,"parent":0,"menu_order":0,"comment_status":"closed","ping_status":"closed","template":"","meta":{"footnotes":""},"class_list":["post-317","page","type-page","status-publish","hentry","has-post-title","has-post-date","has-post-category","has-post-tag","has-post-comment","has-post-author",""],"builder_content":"<img src=\"\/wp-content\/uploads\/2026\/05\/Chester-1600.jpg\" title=\"Angebot\" alt=\"Angebot\">\n<h1>Hundegest\u00fctzte Begleitung<\/h1>\n<p>Bei Bedarf wird meine Arbeit durch meinen Hund Chester erg\u00e4nzt.<br>Der Kontakt zu einem Tier kann besonders f\u00fcr Kinder und Jugendliche mit ADHS unterst\u00fctzend wirken:<br>Er f\u00f6rdert die Selbstregulation, macht Impulse im Moment erlebbar und besser steuerbar und unterst\u00fctzt die Aufmerksamkeit sowie das gemeinsame Fokussieren auf eine Aufgabe. Gleichzeitig entsteht oft eine ruhige, wertsch\u00e4tzende Atmosph\u00e4re, die Sicherheit vermittelt und den Zugang zu eigenen Gef\u00fchlen erleichtert.<\/p> <p>Viele Kinder erleben durch den Kontakt mit dem Hund:<\/p> <ul> <li>mehr Ruhe und Entspannung<\/li> <li>ein Gef\u00fchl von Sicherheit und Angenommensein<\/li> <li>St\u00e4rkung des Selbstwerts<\/li> <li>einen leichteren Zugang zu ihren Gef\u00fchlen<\/li> <\/ul> <p>Der Einsatz erfolgt stets individuell und nach Bedarf. Die tiergest\u00fctzte Begleitung wird gezielt an die jeweilige Situation, die Ziele und die Bed\u00fcrfnisse des Kindes oder Jugendlichen angepasst.<\/p>","_links":{"self":[{"href":"https:\/\/e01.danielaalder.ch\/index.php\/wp-json\/wp\/v2\/pages\/317","targetHints":{"allow":["GET"]}}],"collection":[{"href":"https:\/\/e01.danielaalder.ch\/index.php\/wp-json\/wp\/v2\/pages"}],"about":[{"href":"https:\/\/e01.danielaalder.ch\/index.php\/wp-json\/wp\/v2\/types\/page"}],"author":[{"embeddable":true,"href":"https:\/\/e01.danielaalder.ch\/index.php\/wp-json\/wp\/v2\/users\/1"}],"replies":[{"embeddable":true,"href":"https:\/\/e01.danielaalder.ch\/index.php\/wp-json\/wp\/v2\/comments?post=317"}],"version-history":[{"count":9,"href":"https:\/\/e01.danielaalder.ch\/index.php\/wp-json\/wp\/v2\/pages\/317\/revisions"}],"predecessor-version":[{"id":347,"href":"https:\/\/e01.danielaalder.ch\/index.php\/wp-json\/wp\/v2\/pages\/317\/revisions\/347"}],"wp:attachment":[{"href":"https:\/\/e01.danielaalder.ch\/index.php\/wp-json\/wp\/v2\/media?parent=317"}],"curies":[{"name":"wp","href":"https:\/\/api.w.org\/{rel}","templated":true}]}}