{"id":39,"date":"2019-02-01T02:41:08","date_gmt":"2019-02-01T02:41:08","guid":{"rendered":"https:\/\/e01.danielaalder.ch\/index.php\/about\/"},"modified":"2026-05-13T16:47:32","modified_gmt":"2026-05-13T16:47:32","slug":"home","status":"publish","type":"page","link":"https:\/\/e01.danielaalder.ch\/index.php\/home\/","title":{"rendered":"Home"},"content":{"rendered":"<!--themify_builder_content-->\n<div id=\"themify_builder_content-39\" data-postid=\"39\" class=\"themify_builder_content themify_builder_content-39 themify_builder tf_clear\">\n                    <div  data-lazy=\"1\" class=\"module_row themify_builder_row tb_4aab88f tb_first tf_w\">\n                        <div class=\"row_inner col_align_top tb_col_count_1 tf_box tf_rel\">\n                        <div  data-lazy=\"1\" class=\"module_column tb-column col-full tb_d853a4e first\">\n                            <div  data-lazy=\"1\" class=\"module_subrow themify_builder_sub_row tf_w col_align_top tb_col_count_1 tb_45770f0\">\n                <div  data-lazy=\"1\" class=\"module_column sub_column col-full tb_13ee84f first\">\n                    <!-- module text -->\n<div  class=\"module module-text tb_6rub101   \" data-lazy=\"1\">\n        <div  class=\"tb_text_wrap\">\n        <h1>Lern- und Entwicklungsbegleitung bei ADHS<br>f\u00fcr Kinder und Ihre Familien<\/h1>    <\/div>\n<\/div>\n<!-- \/module text --><!-- module image -->\n<div  class=\"module module-image tb_9acdcfe image-top   tf_mw\" data-lazy=\"1\" data-parallax-element-speed=\"1\" data-lax-translate-y=\"vh 1,0 -70\" data-lax=\"true\">\n        <div class=\"image-wrap tf_rel tf_mw\">\n            <img decoding=\"async\" src=\"\/wp-content\/uploads\/2026\/05\/Spiralen-1600_2.jpg\" title=\"Home\" alt=\"Home\">    \n        <\/div>\n    <!-- \/image-wrap -->\n    \n        <\/div>\n<!-- \/module image -->        <\/div>\n                    <\/div>\n                <\/div>\n                        <\/div>\n        <\/div>\n                        <div  data-css_id=\"nq0g101\" data-lazy=\"1\" class=\"module_row themify_builder_row fullwidth_row_container tb_nq0g101 tf_w\">\n                        <div class=\"row_inner col_align_top tb_col_count_2 tf_box tf_rel\">\n                        <div  data-lazy=\"1\" class=\"module_column tb-column col4-2 tb_n6ey101 first\">\n                    <!-- module text -->\n<div  class=\"module module-text tb_c1ht101   \" data-lazy=\"1\">\n        <div  class=\"tb_text_wrap\">\n        <h1>Ist ihr Kind oft impulsiv,<br>unkonzentriert,<br>oder schnell frustriert,<br>wird der Schulalltag schnell zur Belastung?<\/h1>\n<p>Bei ADHS kann der Alltag schnell zur Herausforderung werden.<br>Man verliert den \u00dcberblick, sieht den \u00abWald vor lauter B\u00e4umen\u00bb nicht mehr.<br>Ich unterst\u00fctze Sie und Ihr Kind dabei, wieder klarer zu sehen, neue Wege zu entdecken<br>und Schritt f\u00fcr Schritt zur\u00fcck in die Handlungskraft zu finden.<\/p>\n<p>Ein erster Schritt kann vieles ver\u00e4ndern: nehmen Sie Kontakt auf<\/p>    <\/div>\n<\/div>\n<!-- \/module text -->        <\/div>\n                    <div  data-lazy=\"1\" class=\"module_column tb-column col4-2 tb_yphz101 last\">\n                            <div  data-lazy=\"1\" class=\"module_subrow themify_builder_sub_row tf_w col_align_top tb_col_count_1 tb_zp6w101\">\n                <div  data-lazy=\"1\" class=\"module_column sub_column col-full tb_zre2101 first\">\n                    <!-- module image -->\n<div  class=\"module module-image tb_r5op101 image-top   tf_mw\" data-lazy=\"1\" data-parallax-element-speed=\"1\" data-lax-translate-y=\"vh 1,0 -70\" data-lax=\"true\">\n        <div class=\"image-wrap tf_rel tf_mw\">\n            <img decoding=\"async\" src=\"\/wp-content\/uploads\/2026\/05\/Portrait-1200-scaled.jpg\" title=\"Home\" alt=\"Home\">    \n        <\/div>\n    <!-- \/image-wrap -->\n    \n        <\/div>\n<!-- \/module image -->        <\/div>\n                    <\/div>\n                <\/div>\n                        <\/div>\n        <\/div>\n        <\/div>\n<!--\/themify_builder_content-->","protected":false},"excerpt":{"rendered":"<p>Lern- und Entwicklungsbegleitung bei ADHSf\u00fcr Kinder und Ihre Familien<\/p>\n","protected":false},"author":1,"featured_media":0,"parent":0,"menu_order":0,"comment_status":"closed","ping_status":"closed","template":"","meta":{"footnotes":""},"class_list":["post-39","page","type-page","status-publish","hentry","has-post-title","has-post-date","has-post-category","has-post-tag","has-post-comment","has-post-author",""],"builder_content":"<h1>Lern- und Entwicklungsbegleitung bei ADHS<br>f\u00fcr Kinder und Ihre Familien<\/h1>\n<img src=\"\/wp-content\/uploads\/2026\/05\/Spiralen-1600_2.jpg\" title=\"Home\" alt=\"Home\">\n<h1>Ist ihr Kind oft impulsiv,<br>unkonzentriert,<br>oder schnell frustriert,<br>wird der Schulalltag schnell zur Belastung?<\/h1> <p>Bei ADHS kann der Alltag schnell zur Herausforderung werden.<br>Man verliert den \u00dcberblick, sieht den \u00abWald vor lauter B\u00e4umen\u00bb nicht mehr.<br>Ich unterst\u00fctze Sie und Ihr Kind dabei, wieder klarer zu sehen, neue Wege zu entdecken<br>und Schritt f\u00fcr Schritt zur\u00fcck in die Handlungskraft zu finden.<\/p> <p>Ein erster Schritt kann vieles ver\u00e4ndern: nehmen Sie Kontakt auf<\/p>\n<img src=\"\/wp-content\/uploads\/2026\/05\/Portrait-1200-scaled.jpg\" title=\"Home\" alt=\"Home\">","_links":{"self":[{"href":"https:\/\/e01.danielaalder.ch\/index.php\/wp-json\/wp\/v2\/pages\/39","targetHints":{"allow":["GET"]}}],"collection":[{"href":"https:\/\/e01.danielaalder.ch\/index.php\/wp-json\/wp\/v2\/pages"}],"about":[{"href":"https:\/\/e01.danielaalder.ch\/index.php\/wp-json\/wp\/v2\/types\/page"}],"author":[{"embeddable":true,"href":"https:\/\/e01.danielaalder.ch\/index.php\/wp-json\/wp\/v2\/users\/1"}],"replies":[{"embeddable":true,"href":"https:\/\/e01.danielaalder.ch\/index.php\/wp-json\/wp\/v2\/comments?post=39"}],"version-history":[{"count":40,"href":"https:\/\/e01.danielaalder.ch\/index.php\/wp-json\/wp\/v2\/pages\/39\/revisions"}],"predecessor-version":[{"id":371,"href":"https:\/\/e01.danielaalder.ch\/index.php\/wp-json\/wp\/v2\/pages\/39\/revisions\/371"}],"wp:attachment":[{"href":"https:\/\/e01.danielaalder.ch\/index.php\/wp-json\/wp\/v2\/media?parent=39"}],"curies":[{"name":"wp","href":"https:\/\/api.w.org\/{rel}","templated":true}]}}